{"id":146262,"date":"2023-03-28T11:55:39","date_gmt":"2023-03-28T09:55:39","guid":{"rendered":"http:\/\/clubvenox.es\/venox\/?page_id=146262"},"modified":"2023-03-29T16:28:16","modified_gmt":"2023-03-29T14:28:16","slug":"bienvenidos","status":"publish","type":"page","link":"https:\/\/clubvenox.es\/venox\/","title":{"rendered":"Bienvenidos"},"content":{"rendered":"\n<p>Bienvenidos a ClubVenox, el lugar donde los amantes de las motos se re\u00fanen para disfrutar de la carretera y la compa\u00f1\u00eda de amigos de todo el pa\u00eds.<\/p>\n\n\n\n<p>Fundado en 2005, nuestro club comenz\u00f3 como un punto de encuentro para propietarios de la moto KYMCO VENOX. Con el tiempo, nos hemos expandido para incluir a cualquier tipo de moto y nos hemos convertido en un grupo diverso y acogedor de entusiastas del motociclismo.<\/p>\n\n\n\n<p>En nuestra web, clubvenox.es, encontrar\u00e1s un foro activo donde nuestros miembros se re\u00fanen para discutir todo tipo de temas relacionados con las motos, incluyendo secciones de compra venta, presentaciones de nuevos amigos, mec\u00e1nica, accesorios y modificaciones, foro general, y mucho m\u00e1s. Tambi\u00e9n es aqu\u00ed donde encontrar\u00e1s informaci\u00f3n sobre nuestras quedadas y concentraciones anuales para nuestros socios.<\/p>\n\n\n\n<p>Nuestra principal funci\u00f3n es pasarlo bien entre amigos, conocer gente nueva y realizar quedadas por toda la geograf\u00eda espa\u00f1ola. En ClubVenox, creemos que no hay nada mejor que rodar en moto, pero siempre con seguridad y respetando las normas de tr\u00e1fico. Nuestro lema es \u00abno tengas miedo a rodar m\u00e1s despacio\u00bb, porque creemos que lo m\u00e1s importante es disfrutar del camino.<\/p>\n\n\n\n<p class=\"has-black-color has-text-color has-background\" style=\"background-color:#eaf2c2\">Si eres un amante de las motos y te gustar\u00eda formar parte de nuestro club, \u00a1no dudes en visitar nuestro foro y contactar con gente de tu zona para obtener m\u00e1s informaci\u00f3n! Te esperamos con los brazos abiertos.<\/p>\n\n\n\n<figure class=\"wp-block-image alignright size-full\"><img loading=\"lazy\" decoding=\"async\" width=\"100\" height=\"100\" src=\"https:\/\/clubvenox.es\/venox\/wp-content\/uploads\/2022\/03\/club_venox_escudo_01.gif\" alt=\"\" class=\"wp-image-144752\"\/><\/figure>\n","protected":false},"excerpt":{"rendered":"<p>Bienvenidos a ClubVenox, el lugar donde los amantes de las motos se re\u00fanen para disfrutar de la carretera y la compa\u00f1\u00eda de amigos de todo el pa\u00eds. Fundado en 2005, nuestro club comenz\u00f3 como un punto de encuentro para propietarios de la moto KYMCO VENOX. Con el tiempo, nos hemos expandido para incluir a cualquier [&hellip;]<\/p>\n","protected":false},"author":1,"featured_media":0,"parent":0,"menu_order":0,"comment_status":"closed","ping_status":"closed","template":"","meta":{"footnotes":""},"class_list":["post-146262","page","type-page","status-publish","hentry"],"_links":{"self":[{"href":"https:\/\/clubvenox.es\/venox\/wp-json\/wp\/v2\/pages\/146262","targetHints":{"allow":["GET"]}}],"collection":[{"href":"https:\/\/clubvenox.es\/venox\/wp-json\/wp\/v2\/pages"}],"about":[{"href":"https:\/\/clubvenox.es\/venox\/wp-json\/wp\/v2\/types\/page"}],"author":[{"embeddable":true,"href":"https:\/\/clubvenox.es\/venox\/wp-json\/wp\/v2\/users\/1"}],"replies":[{"embeddable":true,"href":"https:\/\/clubvenox.es\/venox\/wp-json\/wp\/v2\/comments?post=146262"}],"version-history":[{"count":4,"href":"https:\/\/clubvenox.es\/venox\/wp-json\/wp\/v2\/pages\/146262\/revisions"}],"predecessor-version":[{"id":146307,"href":"https:\/\/clubvenox.es\/venox\/wp-json\/wp\/v2\/pages\/146262\/revisions\/146307"}],"wp:attachment":[{"href":"https:\/\/clubvenox.es\/venox\/wp-json\/wp\/v2\/media?parent=146262"}],"curies":[{"name":"wp","href":"https:\/\/api.w.org\/{rel}","templated":true}]}}